{"id":8234,"date":"2022-04-27T13:52:25","date_gmt":"2022-04-27T11:52:25","guid":{"rendered":"https:\/\/hrvatska-zajednica-berlin.com\/izjava-o-kolacicima\/"},"modified":"2022-05-18T15:41:40","modified_gmt":"2022-05-18T13:41:40","slug":"cookie-richtlinien","status":"publish","type":"page","link":"https:\/\/hzb.web-aplikacije.com\/de\/cookie-richtlinien\/","title":{"rendered":"Cookie &#8211; Richtlinien"},"content":{"rendered":"\t\t<div data-elementor-type=\"wp-page\" data-elementor-id=\"8234\" class=\"elementor elementor-8234 elementor-2848\">\n\t\t\t\t\t\t\t\t\t<section class=\"elementor-section elementor-top-section elementor-element elementor-element-70538d35 ct-section-stretched elementor-section-height-min-height elementor-section-boxed elementor-section-height-default elementor-section-items-middle\" data-id=\"70538d35\" data-element_type=\"section\" data-settings=\"{&quot;background_background&quot;:&quot;classic&quot;}\">\n\t\t\t\t\t\t\t<div class=\"elementor-background-overlay\"><\/div>\n\t\t\t\t\t\t\t<div class=\"elementor-container elementor-column-gap-default\">\n\t\t\t\t\t<div class=\"elementor-column elementor-col-100 elementor-top-column elementor-element elementor-element-d78f199\" data-id=\"d78f199\" data-element_type=\"column\">\n\t\t\t<div class=\"elementor-widget-wrap elementor-element-populated\">\n\t\t\t\t\t\t\t\t<div class=\"elementor-element elementor-element-532d7be4 elementor-widget elementor-widget-image\" data-id=\"532d7be4\" data-element_type=\"widget\" data-widget_type=\"image.default\">\n\t\t\t\t<div class=\"elementor-widget-container\">\n\t\t\t<style>\/*! elementor - v3.6.5 - 27-04-2022 *\/\n.elementor-widget-image{text-align:center}.elementor-widget-image a{display:inline-block}.elementor-widget-image a img[src$=\".svg\"]{width:48px}.elementor-widget-image img{vertical-align:middle;display:inline-block}<\/style>\t\t\t\t\t\t\t\t\t\t\t\t<img width=\"1024\" height=\"397\" src=\"https:\/\/hzb.web-aplikacije.com\/wp-content\/uploads\/2022\/04\/hzb_01-1-1024x397.jpg\" class=\"attachment-large size-large\" alt=\"hzb\" loading=\"lazy\" srcset=\"https:\/\/hzb.web-aplikacije.com\/wp-content\/uploads\/2022\/04\/hzb_01-1-1024x397.jpg 1024w, https:\/\/hzb.web-aplikacije.com\/wp-content\/uploads\/2022\/04\/hzb_01-1-200x78.jpg 200w, https:\/\/hzb.web-aplikacije.com\/wp-content\/uploads\/2022\/04\/hzb_01-1-300x116.jpg 300w, https:\/\/hzb.web-aplikacije.com\/wp-content\/uploads\/2022\/04\/hzb_01-1-768x298.jpg 768w, https:\/\/hzb.web-aplikacije.com\/wp-content\/uploads\/2022\/04\/hzb_01-1.jpg 1290w\" sizes=\"(max-width: 1024px) 100vw, 1024px\" \/>\t\t\t\t\t\t\t\t\t\t\t\t\t\t\t<\/div>\n\t\t\t\t<\/div>\n\t\t\t\t\t<\/div>\n\t\t<\/div>\n\t\t\t\t\t\t\t<\/div>\n\t\t<\/section>\n\t\t\t\t<section class=\"elementor-section elementor-top-section elementor-element elementor-element-6ea2107e ct-section-stretched elementor-section-full_width elementor-section-height-default elementor-section-height-default\" data-id=\"6ea2107e\" data-element_type=\"section\" data-settings=\"{&quot;background_background&quot;:&quot;classic&quot;}\">\n\t\t\t\t\t\t<div class=\"elementor-container elementor-column-gap-default\">\n\t\t\t\t\t<div class=\"elementor-column elementor-col-100 elementor-top-column elementor-element elementor-element-55a18316\" data-id=\"55a18316\" data-element_type=\"column\">\n\t\t\t<div class=\"elementor-widget-wrap elementor-element-populated\">\n\t\t\t\t\t\t\t\t<div class=\"elementor-element elementor-element-22ea0db5 elementor-widget-divider--view-line elementor-widget elementor-widget-divider\" data-id=\"22ea0db5\" data-element_type=\"widget\" data-widget_type=\"divider.default\">\n\t\t\t\t<div class=\"elementor-widget-container\">\n\t\t\t<style>\/*! elementor - v3.6.5 - 27-04-2022 *\/\n.elementor-widget-divider{--divider-border-style:none;--divider-border-width:1px;--divider-color:#2c2c2c;--divider-icon-size:20px;--divider-element-spacing:10px;--divider-pattern-height:24px;--divider-pattern-size:20px;--divider-pattern-url:none;--divider-pattern-repeat:repeat-x}.elementor-widget-divider .elementor-divider{display:-webkit-box;display:-ms-flexbox;display:flex}.elementor-widget-divider .elementor-divider__text{font-size:15px;line-height:1;max-width:95%}.elementor-widget-divider .elementor-divider__element{margin:0 var(--divider-element-spacing);-ms-flex-negative:0;flex-shrink:0}.elementor-widget-divider .elementor-icon{font-size:var(--divider-icon-size)}.elementor-widget-divider .elementor-divider-separator{display:-webkit-box;display:-ms-flexbox;display:flex;margin:0;direction:ltr}.elementor-widget-divider--view-line_icon .elementor-divider-separator,.elementor-widget-divider--view-line_text .elementor-divider-separator{-webkit-box-align:center;-ms-flex-align:center;align-items:center}.elementor-widget-divider--view-line_icon .elementor-divider-separator:after,.elementor-widget-divider--view-line_icon .elementor-divider-separator:before,.elementor-widget-divider--view-line_text .elementor-divider-separator:after,.elementor-widget-divider--view-line_text .elementor-divider-separator:before{display:block;content:\"\";border-bottom:0;-webkit-box-flex:1;-ms-flex-positive:1;flex-grow:1;border-top:var(--divider-border-width) var(--divider-border-style) var(--divider-color)}.elementor-widget-divider--element-align-left .elementor-divider .elementor-divider-separator>.elementor-divider__svg:first-of-type{-webkit-box-flex:0;-ms-flex-positive:0;flex-grow:0;-ms-flex-negative:100;flex-shrink:100}.elementor-widget-divider--element-align-left .elementor-divider-separator:before{content:none}.elementor-widget-divider--element-align-left .elementor-divider__element{margin-left:0}.elementor-widget-divider--element-align-right .elementor-divider .elementor-divider-separator>.elementor-divider__svg:last-of-type{-webkit-box-flex:0;-ms-flex-positive:0;flex-grow:0;-ms-flex-negative:100;flex-shrink:100}.elementor-widget-divider--element-align-right .elementor-divider-separator:after{content:none}.elementor-widget-divider--element-align-right .elementor-divider__element{margin-right:0}.elementor-widget-divider:not(.elementor-widget-divider--view-line_text):not(.elementor-widget-divider--view-line_icon) .elementor-divider-separator{border-top:var(--divider-border-width) var(--divider-border-style) var(--divider-color)}.elementor-widget-divider--separator-type-pattern{--divider-border-style:none}.elementor-widget-divider--separator-type-pattern.elementor-widget-divider--view-line .elementor-divider-separator,.elementor-widget-divider--separator-type-pattern:not(.elementor-widget-divider--view-line) .elementor-divider-separator:after,.elementor-widget-divider--separator-type-pattern:not(.elementor-widget-divider--view-line) .elementor-divider-separator:before,.elementor-widget-divider--separator-type-pattern:not([class*=elementor-widget-divider--view]) .elementor-divider-separator{width:100%;min-height:var(--divider-pattern-height);-webkit-mask-size:var(--divider-pattern-size) 100%;mask-size:var(--divider-pattern-size) 100%;-webkit-mask-repeat:var(--divider-pattern-repeat);mask-repeat:var(--divider-pattern-repeat);background-color:var(--divider-color);-webkit-mask-image:var(--divider-pattern-url);mask-image:var(--divider-pattern-url)}.elementor-widget-divider--no-spacing{--divider-pattern-size:auto}.elementor-widget-divider--bg-round{--divider-pattern-repeat:round}.rtl .elementor-widget-divider .elementor-divider__text{direction:rtl}<\/style>\t\t<div class=\"elementor-divider\">\n\t\t\t<span class=\"elementor-divider-separator\">\n\t\t\t\t\t\t<\/span>\n\t\t<\/div>\n\t\t\t\t<\/div>\n\t\t\t\t<\/div>\n\t\t\t\t<div class=\"elementor-element elementor-element-21d2735d elementor-widget elementor-widget-heading\" data-id=\"21d2735d\" data-element_type=\"widget\" data-widget_type=\"heading.default\">\n\t\t\t\t<div class=\"elementor-widget-container\">\n\t\t\t<style>\/*! elementor - v3.6.5 - 27-04-2022 *\/\n.elementor-heading-title{padding:0;margin:0;line-height:1}.elementor-widget-heading .elementor-heading-title[class*=elementor-size-]>a{color:inherit;font-size:inherit;line-height:inherit}.elementor-widget-heading .elementor-heading-title.elementor-size-small{font-size:15px}.elementor-widget-heading .elementor-heading-title.elementor-size-medium{font-size:19px}.elementor-widget-heading .elementor-heading-title.elementor-size-large{font-size:29px}.elementor-widget-heading .elementor-heading-title.elementor-size-xl{font-size:39px}.elementor-widget-heading .elementor-heading-title.elementor-size-xxl{font-size:59px}<\/style><h1 class=\"elementor-heading-title elementor-size-default\">Cookie-Erkl\u00e4rung<\/h1>\t\t<\/div>\n\t\t\t\t<\/div>\n\t\t\t\t<div class=\"elementor-element elementor-element-54349029 elementor-widget-divider--view-line elementor-widget elementor-widget-divider\" data-id=\"54349029\" data-element_type=\"widget\" data-widget_type=\"divider.default\">\n\t\t\t\t<div class=\"elementor-widget-container\">\n\t\t\t\t\t<div class=\"elementor-divider\">\n\t\t\t<span class=\"elementor-divider-separator\">\n\t\t\t\t\t\t<\/span>\n\t\t<\/div>\n\t\t\t\t<\/div>\n\t\t\t\t<\/div>\n\t\t\t\t\t<\/div>\n\t\t<\/div>\n\t\t\t\t\t\t\t<\/div>\n\t\t<\/section>\n\t\t\t\t<section class=\"elementor-section elementor-top-section elementor-element elementor-element-7efe47dd elementor-section-boxed elementor-section-height-default elementor-section-height-default\" data-id=\"7efe47dd\" data-element_type=\"section\">\n\t\t\t\t\t\t\t<div class=\"elementor-background-overlay\"><\/div>\n\t\t\t\t\t\t\t<div class=\"elementor-container elementor-column-gap-default\">\n\t\t\t\t\t<div class=\"elementor-column elementor-col-100 elementor-top-column elementor-element elementor-element-2f4e3ad5\" data-id=\"2f4e3ad5\" data-element_type=\"column\">\n\t\t\t<div class=\"elementor-widget-wrap elementor-element-populated\">\n\t\t\t\t\t\t\t\t<div class=\"elementor-element elementor-element-3f5405ae elementor-widget elementor-widget-text-editor\" data-id=\"3f5405ae\" data-element_type=\"widget\" data-widget_type=\"text-editor.default\">\n\t\t\t\t<div class=\"elementor-widget-container\">\n\t\t\t<style>\/*! elementor - v3.6.5 - 27-04-2022 *\/\n.elementor-widget-text-editor.elementor-drop-cap-view-stacked .elementor-drop-cap{background-color:#818a91;color:#fff}.elementor-widget-text-editor.elementor-drop-cap-view-framed .elementor-drop-cap{color:#818a91;border:3px solid;background-color:transparent}.elementor-widget-text-editor:not(.elementor-drop-cap-view-default) .elementor-drop-cap{margin-top:8px}.elementor-widget-text-editor:not(.elementor-drop-cap-view-default) .elementor-drop-cap-letter{width:1em;height:1em}.elementor-widget-text-editor .elementor-drop-cap{float:left;text-align:center;line-height:1;font-size:50px}.elementor-widget-text-editor .elementor-drop-cap-letter{display:inline-block}<\/style>\t\t\t\t<p>Diese Webseite verwendet Cookies. Ich verwende Cookies, um Inhalte und Anzeigen zu personalisieren, Funktionen f\u00fcr soziale Medien zu aktivieren und den Datenverkehr zu analysieren. Ich teile auch Informationen \u00fcber Ihre Nutzung meiner Website mit Sozial Media-, Werbe- und Analysepartnern und diese k\u00f6nnen sie mit anderen Informationen kombinieren, die Sie w\u00e4hrend der Nutzung ihrer Dienste bereitgestellt oder gesammelt haben. Durch die weitere Nutzung meiner Webseite stimmen Sie der Verwendung von Cookies zu.<\/p><p><strong>WAS IST EIN COOKIE?<\/strong><\/p><p>Ein Cookie ist eine kleine Textdatei, die Ihr Browser auf Ihrem Computer (oder Mobilger\u00e4t) speichert. Dies passiert, wenn Sie eine Webseite besuchen. Diese Dateien erm\u00f6glichen der Webseite sich alles zu merken was Sie als Besucher getan haben (welche Seiten Sie angesehen haben, wie lange Sie geblieben sind usw.). Wenn Sie diese Webseite besuchen (www.rubik-cube-relaunch.com), speichert Ihr Internetbrowser (Google Chrome, Firefox, Internet Explorer, Opera, Safari usw.) Cookies von meiner Webesite auf der Festplatte Ihres Computers.<\/p><p>Es k\u00f6nnen auch Cookies von Drittanbietern gespeichert werden, wenn ich diese Dienste auf meiner Website verwende (z. B. Google Analytics, soziale Netzwerke). Detaillierte Informationen zu Cookies finden Sie unter http:\/\/www.allaboutcookies.org\/<\/p><p><strong>WOF\u00dcR VERWENDE ICH COOKIES?<\/strong><\/p><p>Diese Webseite verwendet Cookies:<\/p><ul><li>Damit die Webseite ordnungsgem\u00e4\u00df funktioniert,<\/li><li>F\u00fcr eine bessere Benutzererfahrung f\u00fcr Besucher dieser Webseite,<\/li><li>F\u00fcr Statistiken zum Datenverkehr auf dieser Webseite.<\/li><\/ul><p><strong>WELCHE ARTEN VON COOKIES GIBT ES?<\/strong><\/p><p>Cookies nach Dauer:<\/p><ul><li><strong>TEMPORARY COOKIES (SESSION COOKIES)<\/strong> &#8211; Werden beim Schlie\u00dfen Ihres Browsers entfernt. Diese Cookies sind f\u00fcr bestimmte Funktionen auf dieser Website erforderlich.<\/li><li><strong>PERMANENTE COOKIES<\/strong> &#8211; Sie verbleiben auch nach dem Schlie\u00dfen Ihres Webbrowsers auf Ihrem Computer. Der Zeitraum h\u00e4ngt von der Auswahl der Einstellungen in Ihrem Webbrowser ab. Sie werden zum Speichern von Daten verwendet. Ein gutes Beispiel ist das Speichern Ihres Benutzernamens oder Passworts, wenn Sie auf eine Webseite zugreifen.<\/li><\/ul><p>Cookies nach Quelle:<\/p><ul><li><strong>FIRST SIDE COOKIES<\/strong> &#8211; stammen von der Webseite, auf der Sie sich befinden.<\/li><li><strong>COOKIES VON DRITTANBIETERN<\/strong> &#8211; Werden f\u00fcr externe Dienste verwendet (Google Analytics). Cookies von Drittanbietern verwenden Dienste von Drittanbietern, um anonyme Besucherinformationen zu sammeln und um die Anzahl der Besucher, die Nutzung der Webseite und dergleichen zu analysieren. Sie m\u00fcssen sich die Datenschutzbestimmungen dieses Drittanbieters ansehen. Wenn Sie sich in der Europ\u00e4ischen Union befinden, k\u00f6nnen Sie unter http:\/\/www.youronlinechoices.eu\/ herausfinden, wie Dritte diese Art von Cookies verwenden.<\/li><\/ul><p><strong>WIE WERDEN COOKIES AKZEPTIERT ODER ENTSORGT?<\/strong><\/p><p>Sie k\u00f6nnen die Verwendung von Cookies (au\u00dfer den erforderlichen), die ich auf dieser Website verwende, jederzeit deaktivieren.<br \/>Sie k\u00f6nnen Ihre Cookie-Einstellungen weiter l\u00f6schen oder \u00e4ndern, indem Sie Ihre Browser-Einstellungen anpassen.<\/p><p>Ihre Einwilligung gilt f\u00fcr folgende Domain: https:\/\/hzb.web-aplikacije.com\/<\/p>\t\t\t\t\t\t<\/div>\n\t\t\t\t<\/div>\n\t\t\t\t\t<\/div>\n\t\t<\/div>\n\t\t\t\t\t\t\t<\/div>\n\t\t<\/section>\n\t\t\t\t\t\t\t<\/div>\n\t\t","protected":false},"excerpt":{"rendered":"<p>Cookie-Erkl\u00e4rung Diese Webseite verwendet Cookies. Ich verwende Cookies, um Inhalte und Anzeigen zu personalisieren, Funktionen f\u00fcr soziale Medien zu aktivieren und den Datenverkehr zu analysieren. Ich teile auch Informationen \u00fcber Ihre Nutzung meiner Website mit Sozial Media-, Werbe- und Analysepartnern und diese k\u00f6nnen sie mit anderen Informationen kombinieren, die Sie w\u00e4hrend der Nutzung ihrer Dienste bereitgestellt oder gesammelt haben. Durch die weitere Nutzung meiner Webseite stimmen Sie der Verwendung von Cookies zu. WAS IST EIN COOKIE? Ein Cookie ist eine kleine Textdatei, die Ihr Browser auf Ihrem Computer (oder Mobilger\u00e4t) speichert. Dies passiert, wenn Sie eine Webseite besuchen. Diese Dateien\u2026<\/p>\n","protected":false},"author":2,"featured_media":0,"parent":0,"menu_order":0,"comment_status":"closed","ping_status":"closed","template":"elementor_header_footer","meta":[],"blocksy_meta":{"styles_descriptor":{"styles":{"desktop":"","tablet":"","mobile":""},"google_fonts":[],"version":5}},"_links":{"self":[{"href":"https:\/\/hzb.web-aplikacije.com\/de\/wp-json\/wp\/v2\/pages\/8234"}],"collection":[{"href":"https:\/\/hzb.web-aplikacije.com\/de\/wp-json\/wp\/v2\/pages"}],"about":[{"href":"https:\/\/hzb.web-aplikacije.com\/de\/wp-json\/wp\/v2\/types\/page"}],"author":[{"embeddable":true,"href":"https:\/\/hzb.web-aplikacije.com\/de\/wp-json\/wp\/v2\/users\/2"}],"replies":[{"embeddable":true,"href":"https:\/\/hzb.web-aplikacije.com\/de\/wp-json\/wp\/v2\/comments?post=8234"}],"version-history":[{"count":10,"href":"https:\/\/hzb.web-aplikacije.com\/de\/wp-json\/wp\/v2\/pages\/8234\/revisions"}],"predecessor-version":[{"id":8560,"href":"https:\/\/hzb.web-aplikacije.com\/de\/wp-json\/wp\/v2\/pages\/8234\/revisions\/8560"}],"wp:attachment":[{"href":"https:\/\/hzb.web-aplikacije.com\/de\/wp-json\/wp\/v2\/media?parent=8234"}],"curies":[{"name":"wp","href":"https:\/\/api.w.org\/{rel}","templated":true}]}}